{"id":1721,"date":"2015-09-07T14:17:32","date_gmt":"2015-09-07T14:17:32","guid":{"rendered":"http:\/\/www.diariwin.cat\/temporada4\/?page_id=1721"},"modified":"2015-09-08T06:28:56","modified_gmt":"2015-09-08T06:28:56","slug":"que-es-el-diari-win","status":"publish","type":"page","link":"http:\/\/www.diariwin.cat\/temporada4\/que-es-el-diari-win\/","title":{"rendered":"Qu\u00e8 \u00e9s el Diari Win?"},"content":{"rendered":"<p>\u00c9s un<strong> diari digital familiar<\/strong> dirigit a alumnes d\u2019una edat entre els 8 i els 12 anys\u00a0amb<strong> informaci\u00f3 en format not\u00edcies i videojocs.<\/strong><\/p>\n<p><strong>Per qu\u00e8 un diari dirigit a gent de 8 a 12 anys?<\/strong>\u00a0Per qu\u00e8 aquest col\u00b7lectiu tamb\u00e9 t\u00e9 dret a ser informat amb un mitj\u00e0 que l\u2019entengui i parli el seu llenguatge.<\/p>\n<p><strong>\u00c9s l\u2019\u00fanic diari digital que hi ha?\u00a0<\/strong>\u00a0Som l\u2019\u00fanic diari digital familiar dirigit al p\u00fablic infantil i juvenil a casa nostra. Les altres iniciatives semblants a Catalunya\u00a0s\u00f3n l\u2019Info-K, un informatiu de televisi\u00f3 que penja els seus programes a Internet.<\/p>\n<p><strong>En quins diaris s\u2019inspira, doncs?<\/strong>\u00a0Un producte com el Diari Win \u00e9s dif\u00edcil de trobar a Internet, ja que \u00e9s una projecte molt original. No obstant aix\u00f2, en quant als continguts, les seves refer\u00e8ncies s\u00f3n els dos informatius infantils m\u00e9s antics del m\u00f3n, el Newsround de la BBC i el Behind The News, de l\u2019Australian Brodcasting Corporation.<\/p>\n","protected":false},"excerpt":{"rendered":"<p>\u00c9s un diari digital familiar dirigit a alumnes d\u2019una edat entre els 8 i els 12 anys\u00a0amb informaci\u00f3 en format not\u00edcies i videojocs. Per qu\u00e8 un diari dirigit a gent de 8 a 12 anys?\u00a0Per qu\u00e8 aquest col\u00b7lectiu tamb\u00e9 t\u00e9 dret a ser informat amb un mitj\u00e0 que l\u2019entengui i parli el seu llenguatge. \u00c9s [&hellip;]<\/p>\n","protected":false},"author":1,"featured_media":0,"parent":0,"menu_order":0,"comment_status":"closed","ping_status":"closed","template":"","meta":[],"_links":{"self":[{"href":"http:\/\/www.diariwin.cat\/temporada4\/wp-json\/wp\/v2\/pages\/1721"}],"collection":[{"href":"http:\/\/www.diariwin.cat\/temporada4\/wp-json\/wp\/v2\/pages"}],"about":[{"href":"http:\/\/www.diariwin.cat\/temporada4\/wp-json\/wp\/v2\/types\/page"}],"author":[{"embeddable":true,"href":"http:\/\/www.diariwin.cat\/temporada4\/wp-json\/wp\/v2\/users\/1"}],"replies":[{"embeddable":true,"href":"http:\/\/www.diariwin.cat\/temporada4\/wp-json\/wp\/v2\/comments?post=1721"}],"version-history":[{"count":8,"href":"http:\/\/www.diariwin.cat\/temporada4\/wp-json\/wp\/v2\/pages\/1721\/revisions"}],"predecessor-version":[{"id":1735,"href":"http:\/\/www.diariwin.cat\/temporada4\/wp-json\/wp\/v2\/pages\/1721\/revisions\/1735"}],"wp:attachment":[{"href":"http:\/\/www.diariwin.cat\/temporada4\/wp-json\/wp\/v2\/media?parent=1721"}],"curies":[{"name":"wp","href":"https:\/\/api.w.org\/{rel}","templated":true}]}}