{"id":1739,"date":"2015-09-08T06:33:22","date_gmt":"2015-09-08T06:33:22","guid":{"rendered":"http:\/\/www.diariwin.cat\/temporada4\/?page_id=1739"},"modified":"2015-09-08T06:34:19","modified_gmt":"2015-09-08T06:34:19","slug":"publicitat","status":"publish","type":"page","link":"http:\/\/www.diariwin.cat\/temporada4\/publicitat\/","title":{"rendered":"Publicitat"},"content":{"rendered":"<p><img class=\"aligncenter\" src=\"http:\/\/www.diariwin.cat\/wp-content\/uploads\/grafic-01.png\" alt=\"\" \/><\/p>\n<p><strong>1.- Banner-Patrocini secci\u00f3:<\/strong>\u00a0 500 euros\/ mes<\/p>\n<p>S\u2019inclour\u00e0 un banner quadrat (preferiblement 250\u00d7250 p\u00edxels) a una de les seccions del diari (Not\u00edcies, Jocs o Agenda).<\/p>\n<p><strong>2.- Banner butllet\u00ed setmanal:<\/strong>\u00a0200 \u00a0euros\/setmana<\/p>\n<p>S\u2019inclour\u00e0 un banner horitzontal (preferiblement 468\u00d760 p\u00edxels) al butllet\u00ed diari que enviem a la nostra base de correus electr\u00f2nics.<\/p>\n<p><strong>3.- Publi-not\u00edcia:<\/strong>\u00a0100 euros\/not\u00edcia<\/p>\n<p>S\u2019escriur\u00e0 una not\u00edcia publicitant el servei que es vulgui oferir. La not\u00edcia es difondr\u00e0 pels nostres canals de promoci\u00f3 online (Facebook, Twitter i Correu electr\u00f2nic) com una not\u00edcia m\u00e9s d\u2019actualitat.<\/p>\n<p><strong>Contacte:<\/strong><\/p>\n<p>Josep Llu\u00eds Silva<br \/>\n606111584<br \/>\npublicitat[arroba]diariwin.cat<\/p>\n","protected":false},"excerpt":{"rendered":"<p>1.- Banner-Patrocini secci\u00f3:\u00a0 500 euros\/ mes S\u2019inclour\u00e0 un banner quadrat (preferiblement 250\u00d7250 p\u00edxels) a una de les seccions del diari (Not\u00edcies, Jocs o Agenda). 2.- Banner butllet\u00ed setmanal:\u00a0200 \u00a0euros\/setmana S\u2019inclour\u00e0 un banner horitzontal (preferiblement 468\u00d760 p\u00edxels) al butllet\u00ed diari que enviem a la nostra base de correus electr\u00f2nics. 3.- Publi-not\u00edcia:\u00a0100 euros\/not\u00edcia S\u2019escriur\u00e0 una not\u00edcia publicitant [&hellip;]<\/p>\n","protected":false},"author":1,"featured_media":0,"parent":0,"menu_order":0,"comment_status":"closed","ping_status":"closed","template":"","meta":[],"_links":{"self":[{"href":"http:\/\/www.diariwin.cat\/temporada4\/wp-json\/wp\/v2\/pages\/1739"}],"collection":[{"href":"http:\/\/www.diariwin.cat\/temporada4\/wp-json\/wp\/v2\/pages"}],"about":[{"href":"http:\/\/www.diariwin.cat\/temporada4\/wp-json\/wp\/v2\/types\/page"}],"author":[{"embeddable":true,"href":"http:\/\/www.diariwin.cat\/temporada4\/wp-json\/wp\/v2\/users\/1"}],"replies":[{"embeddable":true,"href":"http:\/\/www.diariwin.cat\/temporada4\/wp-json\/wp\/v2\/comments?post=1739"}],"version-history":[{"count":1,"href":"http:\/\/www.diariwin.cat\/temporada4\/wp-json\/wp\/v2\/pages\/1739\/revisions"}],"predecessor-version":[{"id":1740,"href":"http:\/\/www.diariwin.cat\/temporada4\/wp-json\/wp\/v2\/pages\/1739\/revisions\/1740"}],"wp:attachment":[{"href":"http:\/\/www.diariwin.cat\/temporada4\/wp-json\/wp\/v2\/media?parent=1739"}],"curies":[{"name":"wp","href":"https:\/\/api.w.org\/{rel}","templated":true}]}}