{"id":1742,"date":"2015-09-08T06:55:29","date_gmt":"2015-09-08T06:55:29","guid":{"rendered":"http:\/\/www.diariwin.cat\/temporada4\/?page_id=1742"},"modified":"2015-09-08T06:56:25","modified_gmt":"2015-09-08T06:56:25","slug":"avis-legal","status":"publish","type":"page","link":"http:\/\/www.diariwin.cat\/temporada4\/avis-legal\/","title":{"rendered":"Av\u00eds Legal"},"content":{"rendered":"<p><strong>Qui som<\/strong><br \/>\nEls continguts de DiariWin.cat s\u00f3n propietat NewsUP<br \/>\nCIF:\u00a052598603H<br \/>\nDomicili: C\\Vall\u00e8s, n\u00fam. 89 \u00c0tic 4a. Esc. Esq.<\/p>\n<p><strong>Informaci\u00f3 legal<\/strong><\/p>\n<p>Aquesta p\u00e0gina web \u00e9s propietat de<br \/>\nNewsUP NIF:\u00a052598603H<br \/>\nDomicilli: C\/\u00a0Vall\u00e8s, n\u00fam. 89 \u00c0tic 4a. Esc. Esq.<br \/>\ne-mail: hola@diariwin.cat<\/p>\n<p>L&#8217;usuari es compromet a utilitzar aquesta web d&#8217;acord amb l&#8217;establert en la legislaci\u00f3 vigent, abstenint-se d&#8217;utilitzar-la per a activitats contr\u00e0ries a les lleis, a la moral o usos lesius dels drets i interessos de tercers.<\/p>\n<p>L&#8217;acc\u00e9s al website \u00e9s responsabilitat \u00fanica dels usuaris.<\/p>\n<p>L&#8217;acc\u00e9s al website no suposa establir cap tipus de relaci\u00f3 comercial entre NewsUP i l&#8217;usuari.<\/p>\n<p>Els drets de propietat intel\u00b7lectual sobre tota la informaci\u00f3 escrita continguda en aquesta p\u00e0gina web s\u00f3n titularitat de NewsUP. Tots els nostres continguts, excepte les imatges, que podrien tenir drets d&#8217;autor, es poden copiar, citant-ne la proced\u00e8ncia.<\/p>\n<p>En cas que l&#8217;usuari propocioni algun tipus d&#8217;informaci\u00f3, les seves dades seran recollides conforme a la Llei Org\u00e0nica de Protecci\u00f3 de Dades de 15\/1999 dins del marc de la legislaci\u00f3 espanyola.<\/p>\n<p>Les not\u00edcies d&#8217;aquest diari es publiquen sota la llic\u00e8ncia. Les fotografies, v\u00eddeos o articles d&#8217;opini\u00f3 s\u00f3n propietat dels seus autors i, per tant, pot ser necessari el seu perm\u00eds o aprovaci\u00f3 per copiar-los, al no ser propietat de NewsUP.<\/p>\n<p><strong>Pol\u00edtica de privadesa<\/strong><\/p>\n<p>NewsUP\u00a0compta amb les seg\u00fcents bases de dades:<\/p>\n<p>Base n\u00fam. 1<\/p>\n<p>Llistat de subscriptors dels nostres butlletins per e-mail.<\/p>\n<p>Base n\u00fam. 2<\/p>\n<p>Llistat d&#8217;usuaris registrats a la p\u00e0gina web.<\/p>\n<p>&nbsp;<\/p>\n<p>Aquestes bases nom\u00e9s s&#8217;utilitzen per a les finalitats descrites i no es cedeixen ni tan sols parcialment a cap altra empresa externa al grup.<\/p>\n<p><strong>Cookies i altres:<\/strong><\/p>\n<p>Quan l&#8217;usuari navega a trav\u00e9s de les nostres webs pot rebre en el seu ordinador cookies enviades, per compte nostra, des de servidors de terceres empreses amb les quals hem contractat la prestaci\u00f3 de serveis de medici\u00f3 d&#8217;audi\u00e8ncies. En cap cas, les empreses des de les quals s&#8217;envien poden con\u00e8ixer les dades de car\u00e0cter personal dels usuaris.<\/p>\n<p><strong>Dades t\u00e8cniques<\/strong><\/p>\n<p>\u00bb DiariWin.cat\u00a0\u00e9s una p\u00e0gina web programada en PHP, en un sistema de bases de dades MySQL, amb un servidor Apache. Com a sistema operatiu del servidor hi ha una distribuci\u00f3 de Linux.<br \/>\n\u00bb Tots ells s\u00f3n programes representants del programari lliure<\/p>\n","protected":false},"excerpt":{"rendered":"<p>Qui som Els continguts de DiariWin.cat s\u00f3n propietat NewsUP CIF:\u00a052598603H Domicili: C\\Vall\u00e8s, n\u00fam. 89 \u00c0tic 4a. Esc. Esq. Informaci\u00f3 legal Aquesta p\u00e0gina web \u00e9s propietat de NewsUP NIF:\u00a052598603H Domicilli: C\/\u00a0Vall\u00e8s, n\u00fam. 89 \u00c0tic 4a. Esc. Esq. e-mail: hola@diariwin.cat L&#8217;usuari es compromet a utilitzar aquesta web d&#8217;acord amb l&#8217;establert en la legislaci\u00f3 vigent, abstenint-se d&#8217;utilitzar-la per [&hellip;]<\/p>\n","protected":false},"author":1,"featured_media":0,"parent":0,"menu_order":0,"comment_status":"closed","ping_status":"closed","template":"","meta":[],"_links":{"self":[{"href":"http:\/\/www.diariwin.cat\/temporada4\/wp-json\/wp\/v2\/pages\/1742"}],"collection":[{"href":"http:\/\/www.diariwin.cat\/temporada4\/wp-json\/wp\/v2\/pages"}],"about":[{"href":"http:\/\/www.diariwin.cat\/temporada4\/wp-json\/wp\/v2\/types\/page"}],"author":[{"embeddable":true,"href":"http:\/\/www.diariwin.cat\/temporada4\/wp-json\/wp\/v2\/users\/1"}],"replies":[{"embeddable":true,"href":"http:\/\/www.diariwin.cat\/temporada4\/wp-json\/wp\/v2\/comments?post=1742"}],"version-history":[{"count":1,"href":"http:\/\/www.diariwin.cat\/temporada4\/wp-json\/wp\/v2\/pages\/1742\/revisions"}],"predecessor-version":[{"id":1743,"href":"http:\/\/www.diariwin.cat\/temporada4\/wp-json\/wp\/v2\/pages\/1742\/revisions\/1743"}],"wp:attachment":[{"href":"http:\/\/www.diariwin.cat\/temporada4\/wp-json\/wp\/v2\/media?parent=1742"}],"curies":[{"name":"wp","href":"https:\/\/api.w.org\/{rel}","templated":true}]}}